{"id":8,"date":"2025-06-24T23:57:15","date_gmt":"2025-06-24T23:57:15","guid":{"rendered":"http:\/\/geclheb.cluster051.hosting.ovh.net\/index.php\/front_page\/"},"modified":"2026-04-22T23:05:41","modified_gmt":"2026-04-22T23:05:41","slug":"accueil-accent-sst","status":"publish","type":"page","link":"https:\/\/accentsst.com\/","title":{"rendered":"Accueil &#8211; Accent SST"},"content":{"rendered":"\n\n\n\n\n\n\n\n\n\n","protected":false},"excerpt":{"rendered":"","protected":false},"author":1,"featured_media":0,"parent":0,"menu_order":0,"comment_status":"closed","ping_status":"closed","template":"","meta":{"saved_in_kubio":true,"footnotes":""},"class_list":["post-8","page","type-page","status-publish","hentry"],"kubio_ai_page_context":{"short_desc":"","purpose":"general"},"yoast_head":"<!-- This site is optimized with the Yoast SEO plugin v27.5 - https:\/\/yoast.com\/product\/yoast-seo-wordpress\/ -->\n<title>ACCENT SST - ACCUEIL - FORMATIONS SST EN LIGNE<\/title>\n<meta name=\"description\" content=\"Formations en sant\u00e9 et s\u00e9curit\u00e9 du travail directement en ligne. Soyez actifs en SST - Formations con\u00e7ues pour la r\u00e9glementation du Qu\u00e9bec\" \/>\n<meta name=\"robots\" content=\"index, follow, max-snippet:-1, max-image-preview:large, max-video-preview:-1\" \/>\n<link rel=\"canonical\" href=\"https:\/\/accentsst.com\/\" \/>\n<meta property=\"og:locale\" content=\"en_US\" \/>\n<meta property=\"og:type\" content=\"article\" \/>\n<meta property=\"og:title\" content=\"ACCENT SST - ACCUEIL - FORMATIONS SST EN LIGNE\" \/>\n<meta property=\"og:description\" content=\"Formations en sant\u00e9 et s\u00e9curit\u00e9 du travail directement en ligne. Soyez actifs en SST - Formations con\u00e7ues pour la r\u00e9glementation du Qu\u00e9bec\" \/>\n<meta property=\"og:url\" content=\"https:\/\/accentsst.com\/\" \/>\n<meta property=\"og:site_name\" content=\"ACCENT SST\" \/>\n<meta property=\"article:modified_time\" content=\"2026-04-22T23:05:41+00:00\" \/>\n<meta name=\"twitter:card\" content=\"summary_large_image\" \/>\n<script type=\"application\/ld+json\" class=\"yoast-schema-graph\">{\"@context\":\"https:\\\/\\\/schema.org\",\"@graph\":[{\"@type\":\"WebPage\",\"@id\":\"https:\\\/\\\/accentsst.com\\\/\",\"url\":\"https:\\\/\\\/accentsst.com\\\/\",\"name\":\"ACCENT SST - ACCUEIL - FORMATIONS SST EN LIGNE\",\"isPartOf\":{\"@id\":\"https:\\\/\\\/accentsst.com\\\/#website\"},\"datePublished\":\"2025-06-24T23:57:15+00:00\",\"dateModified\":\"2026-04-22T23:05:41+00:00\",\"description\":\"Formations en sant\u00e9 et s\u00e9curit\u00e9 du travail directement en ligne. Soyez actifs en SST - Formations con\u00e7ues pour la r\u00e9glementation du Qu\u00e9bec\",\"breadcrumb\":{\"@id\":\"https:\\\/\\\/accentsst.com\\\/#breadcrumb\"},\"inLanguage\":\"en-US\",\"potentialAction\":[{\"@type\":\"ReadAction\",\"target\":[\"https:\\\/\\\/accentsst.com\\\/\"]}]},{\"@type\":\"BreadcrumbList\",\"@id\":\"https:\\\/\\\/accentsst.com\\\/#breadcrumb\",\"itemListElement\":[{\"@type\":\"ListItem\",\"position\":1,\"name\":\"Accueil\",\"item\":\"https:\\\/\\\/accentsst.com\\\/\"},{\"@type\":\"ListItem\",\"position\":2,\"name\":\"Accueil &#8211; Accent SST\"}]},{\"@type\":\"WebSite\",\"@id\":\"https:\\\/\\\/accentsst.com\\\/#website\",\"url\":\"https:\\\/\\\/accentsst.com\\\/\",\"name\":\"ACCENT SST\",\"description\":\"\",\"publisher\":{\"@id\":\"https:\\\/\\\/accentsst.com\\\/#organization\"},\"potentialAction\":[{\"@type\":\"SearchAction\",\"target\":{\"@type\":\"EntryPoint\",\"urlTemplate\":\"https:\\\/\\\/accentsst.com\\\/?s={search_term_string}\"},\"query-input\":{\"@type\":\"PropertyValueSpecification\",\"valueRequired\":true,\"valueName\":\"search_term_string\"}}],\"inLanguage\":\"en-US\"},{\"@type\":\"Organization\",\"@id\":\"https:\\\/\\\/accentsst.com\\\/#organization\",\"name\":\"ACCENT SST\",\"alternateName\":\"Accentsst\",\"url\":\"https:\\\/\\\/accentsst.com\\\/\",\"logo\":{\"@type\":\"ImageObject\",\"inLanguage\":\"en-US\",\"@id\":\"https:\\\/\\\/accentsst.com\\\/#\\\/schema\\\/logo\\\/image\\\/\",\"url\":\"https:\\\/\\\/accentsst.com\\\/wp-content\\\/uploads\\\/2026\\\/04\\\/Logo-horizontal.png\",\"contentUrl\":\"https:\\\/\\\/accentsst.com\\\/wp-content\\\/uploads\\\/2026\\\/04\\\/Logo-horizontal.png\",\"width\":500,\"height\":250,\"caption\":\"ACCENT SST\"},\"image\":{\"@id\":\"https:\\\/\\\/accentsst.com\\\/#\\\/schema\\\/logo\\\/image\\\/\"},\"sameAs\":[\"https:\\\/\\\/www.linkedin.com\\\/company\\\/accent-sst\"]}]}<\/script>\n<!-- \/ Yoast SEO plugin. -->","yoast_head_json":{"title":"ACCENT SST - ACCUEIL - FORMATIONS SST EN LIGNE","description":"Formations en sant\u00e9 et s\u00e9curit\u00e9 du travail directement en ligne. Soyez actifs en SST - Formations con\u00e7ues pour la r\u00e9glementation du Qu\u00e9bec","robots":{"index":"index","follow":"follow","max-snippet":"max-snippet:-1","max-image-preview":"max-image-preview:large","max-video-preview":"max-video-preview:-1"},"canonical":"https:\/\/accentsst.com\/","og_locale":"en_US","og_type":"article","og_title":"ACCENT SST - ACCUEIL - FORMATIONS SST EN LIGNE","og_description":"Formations en sant\u00e9 et s\u00e9curit\u00e9 du travail directement en ligne. Soyez actifs en SST - Formations con\u00e7ues pour la r\u00e9glementation du Qu\u00e9bec","og_url":"https:\/\/accentsst.com\/","og_site_name":"ACCENT SST","article_modified_time":"2026-04-22T23:05:41+00:00","twitter_card":"summary_large_image","schema":{"@context":"https:\/\/schema.org","@graph":[{"@type":"WebPage","@id":"https:\/\/accentsst.com\/","url":"https:\/\/accentsst.com\/","name":"ACCENT SST - ACCUEIL - FORMATIONS SST EN LIGNE","isPartOf":{"@id":"https:\/\/accentsst.com\/#website"},"datePublished":"2025-06-24T23:57:15+00:00","dateModified":"2026-04-22T23:05:41+00:00","description":"Formations en sant\u00e9 et s\u00e9curit\u00e9 du travail directement en ligne. Soyez actifs en SST - Formations con\u00e7ues pour la r\u00e9glementation du Qu\u00e9bec","breadcrumb":{"@id":"https:\/\/accentsst.com\/#breadcrumb"},"inLanguage":"en-US","potentialAction":[{"@type":"ReadAction","target":["https:\/\/accentsst.com\/"]}]},{"@type":"BreadcrumbList","@id":"https:\/\/accentsst.com\/#breadcrumb","itemListElement":[{"@type":"ListItem","position":1,"name":"Accueil","item":"https:\/\/accentsst.com\/"},{"@type":"ListItem","position":2,"name":"Accueil &#8211; Accent SST"}]},{"@type":"WebSite","@id":"https:\/\/accentsst.com\/#website","url":"https:\/\/accentsst.com\/","name":"ACCENT SST","description":"","publisher":{"@id":"https:\/\/accentsst.com\/#organization"},"potentialAction":[{"@type":"SearchAction","target":{"@type":"EntryPoint","urlTemplate":"https:\/\/accentsst.com\/?s={search_term_string}"},"query-input":{"@type":"PropertyValueSpecification","valueRequired":true,"valueName":"search_term_string"}}],"inLanguage":"en-US"},{"@type":"Organization","@id":"https:\/\/accentsst.com\/#organization","name":"ACCENT SST","alternateName":"Accentsst","url":"https:\/\/accentsst.com\/","logo":{"@type":"ImageObject","inLanguage":"en-US","@id":"https:\/\/accentsst.com\/#\/schema\/logo\/image\/","url":"https:\/\/accentsst.com\/wp-content\/uploads\/2026\/04\/Logo-horizontal.png","contentUrl":"https:\/\/accentsst.com\/wp-content\/uploads\/2026\/04\/Logo-horizontal.png","width":500,"height":250,"caption":"ACCENT SST"},"image":{"@id":"https:\/\/accentsst.com\/#\/schema\/logo\/image\/"},"sameAs":["https:\/\/www.linkedin.com\/company\/accent-sst"]}]}},"_links":{"self":[{"href":"https:\/\/accentsst.com\/index.php\/wp-json\/wp\/v2\/pages\/8","targetHints":{"allow":["GET"]}}],"collection":[{"href":"https:\/\/accentsst.com\/index.php\/wp-json\/wp\/v2\/pages"}],"about":[{"href":"https:\/\/accentsst.com\/index.php\/wp-json\/wp\/v2\/types\/page"}],"author":[{"embeddable":true,"href":"https:\/\/accentsst.com\/index.php\/wp-json\/wp\/v2\/users\/1"}],"replies":[{"embeddable":true,"href":"https:\/\/accentsst.com\/index.php\/wp-json\/wp\/v2\/comments?post=8"}],"version-history":[{"count":45,"href":"https:\/\/accentsst.com\/index.php\/wp-json\/wp\/v2\/pages\/8\/revisions"}],"predecessor-version":[{"id":345,"href":"https:\/\/accentsst.com\/index.php\/wp-json\/wp\/v2\/pages\/8\/revisions\/345"}],"wp:attachment":[{"href":"https:\/\/accentsst.com\/index.php\/wp-json\/wp\/v2\/media?parent=8"}],"curies":[{"name":"wp","href":"https:\/\/api.w.org\/{rel}","templated":true}]}}