{"id":72,"date":"2025-07-04T02:06:35","date_gmt":"2025-07-04T02:06:35","guid":{"rendered":"https:\/\/accentsst.com\/index.php\/formations\/"},"modified":"2026-04-22T23:07:34","modified_gmt":"2026-04-22T23:07:34","slug":"formations","status":"publish","type":"page","link":"https:\/\/accentsst.com\/index.php\/formations\/","title":{"rendered":"Formations"},"content":{"rendered":"\n\n\n\n\t\t<div class=\"wpsisac-slick-slider-wrp wpsisac-clearfix \" data-conf=\"{&quot;dots&quot;:&quot;true&quot;,&quot;arrows&quot;:&quot;true&quot;,&quot;autoplay&quot;:&quot;true&quot;,&quot;autoplay_interval&quot;:3000,&quot;fade&quot;:&quot;false&quot;,&quot;lazyload&quot;:&quot;&quot;,&quot;speed&quot;:300,&quot;rtl&quot;:&quot;false&quot;,&quot;loop&quot;:&quot;true&quot;,&quot;hover_pause&quot;:&quot;true&quot;}\">\r\n\t\t\t<div id=\"wpsisac-slick-slider-1\" class=\"wpsisac-slick-init wpsisac-slick-slider design-3 \">\r\n\r\n\t\t\t\t<div class=\"wpsisac-image-slide\">\r\t<div class=\"wpsisac-slide-wrap\" style=\"\">\t\r\t\t<img decoding=\"async\"  src=\"https:\/\/accentsst.com\/wp-content\/uploads\/2026\/03\/Le-travail-au-froid-slider.png\" alt=\"Contrainte thermique : le travail au froid\" \/>\r\t\t<div class=\"wpsisac-slider-content\">\r\t\t\t<div class=\"wpsisac-bg-overlay wp-medium-7 wpcolumns\">\r\t\t\t\t<h2 class=\"wpsisac-slide-title\">Contrainte thermique : le travail au froid<\/h2>\r\t\t\t\t\t\t\t\t\t<div class=\"wpsisac-slider-short-content\">Connaissez et prot\u00e9gez-vous contre les risques li\u00e9s au travail au froid. <a href=\"https:\/\/formation.accentsst.com\/Web\/MyCatalog\/ViewP?pid=eLuKjcJjm8ItmQRi%2fJO9jQ%3d%3d&amp;id=P70EcQliKxDdMakGgPXMqw%3d%3d\">Inscrivez-vous ici<\/a>!<\/div>\r\t\t\t\t\t\t\t<\/div>\r\t\t<\/div>\r\t<\/div>\r<\/div><div class=\"wpsisac-image-slide\">\r\t<div class=\"wpsisac-slide-wrap\" style=\"\">\t\r\t\t<img decoding=\"async\"  src=\"https:\/\/accentsst.com\/wp-content\/uploads\/2025\/07\/Securite-des-machines-v2.png\" alt=\"S\u00e9curit\u00e9 des machines\" \/>\r\t\t<div class=\"wpsisac-slider-content\">\r\t\t\t<div class=\"wpsisac-bg-overlay wp-medium-7 wpcolumns\">\r\t\t\t\t<h2 class=\"wpsisac-slide-title\">S\u00e9curit\u00e9 des machines<\/h2>\r\t\t\t\t\t\t\t\t\t<div class=\"wpsisac-slider-short-content\"><p style=\"text-align: left;\"><strong>FORMATION \u00c0 VENIR<\/strong> &#8211; Garantissez un environnement s\u00e9curitaire tout en vous conformant aux nouvelles exigences li\u00e9es \u00e0 la s\u00e9curit\u00e9 des machines.<\/p>\n<\/div>\r\t\t\t\t\t\t\t<\/div>\r\t\t<\/div>\r\t<\/div>\r<\/div><div class=\"wpsisac-image-slide\">\r\t<div class=\"wpsisac-slide-wrap\" style=\"\">\t\r\t\t<img decoding=\"async\"  src=\"https:\/\/accentsst.com\/wp-content\/uploads\/2025\/07\/Cadenassage-v2.png\" alt=\"Cadenassage\" \/>\r\t\t<div class=\"wpsisac-slider-content\">\r\t\t\t<div class=\"wpsisac-bg-overlay wp-medium-7 wpcolumns\">\r\t\t\t\t<h2 class=\"wpsisac-slide-title\">Cadenassage<\/h2>\r\t\t\t\t\t\t\t\t\t<div class=\"wpsisac-slider-short-content\"><p>R\u00e9alisez le module portant sur le cadenassage afin de conna\u00eetre les diff\u00e9rents types d&#8217;\u00e9nergie et leurs risques pour ma\u00eetriser les \u00e9nergies dangereuses. <a href=\"https:\/\/formation.accentsst.com\/Web\/MyCatalog\/ViewP?pid=eLuKjcJjm8ItmQRi%2fJO9jQ%3d%3d&amp;id=2eIvrG%2b7tix4xO%2fscVTxdQ%3d%3d\">Inscrivez-vous ici<\/a>!<\/p>\n<\/div>\r\t\t\t\t\t\t\t<\/div>\r\t\t<\/div>\r\t<\/div>\r<\/div><div class=\"wpsisac-image-slide\">\r\t<div class=\"wpsisac-slide-wrap\" style=\"\">\t\r\t\t<img decoding=\"async\"  src=\"https:\/\/accentsst.com\/wp-content\/uploads\/2025\/07\/SST-expliquee-aux-jeunes-v2-1.png\" alt=\"Point de d\u00e9part en SST\" \/>\r\t\t<div class=\"wpsisac-slider-content\">\r\t\t\t<div class=\"wpsisac-bg-overlay wp-medium-7 wpcolumns\">\r\t\t\t\t<h2 class=\"wpsisac-slide-title\">Point de d\u00e9part en SST<\/h2>\r\t\t\t\t\t\t\t\t\t<div class=\"wpsisac-slider-short-content\"><p><strong>Partez du bon pied<\/strong>! Effectuez un survol des risques pouvant \u00eatre retrouv\u00e9s dans plusieurs environnements de travail. Soyez \u00e0 l&#8217;aff\u00fbt pour votre s\u00e9curit\u00e9! <a href=\"https:\/\/formation.accentsst.com\/Web\/MyCatalog\/ViewP?pid=eLuKjcJjm8ItmQRi%2fJO9jQ%3d%3d&amp;id=O4QzeBzUor%2f5rF%2brf1i7ZA%3d%3d\">Inscrivez-vous ici<\/a>!<\/p>\n<\/div>\r\t\t\t\t\t\t\t<\/div>\r\t\t<\/div>\r\t<\/div>\r<\/div><div class=\"wpsisac-image-slide\">\r\t<div class=\"wpsisac-slide-wrap\" style=\"\">\t\r\t\t<img decoding=\"async\"  src=\"https:\/\/accentsst.com\/wp-content\/uploads\/2025\/07\/Diligence-raisonnable-v2.png\" alt=\"Gestion de la sant\u00e9 et s\u00e9curit\u00e9 du travail\" \/>\r\t\t<div class=\"wpsisac-slider-content\">\r\t\t\t<div class=\"wpsisac-bg-overlay wp-medium-7 wpcolumns\">\r\t\t\t\t<h2 class=\"wpsisac-slide-title\">Gestion de la sant\u00e9 et s\u00e9curit\u00e9 du travail<\/h2>\r\t\t\t\t\t\t\t\t\t<div class=\"wpsisac-slider-short-content\"><p><strong>Gouvernez<\/strong> et encadrez les activit\u00e9s de travail selon les <strong>concepts de la diligence raisonnable<\/strong>. Connaissez vos obligations l\u00e9gales. Cr\u00e9ez votre plan d&#8217;action dans un processus d&#8217;am\u00e9lioration continue. <a href=\"https:\/\/formation.accentsst.com\/Web\/MyCatalog\/ViewP?pid=eLuKjcJjm8ItmQRi%2fJO9jQ%3d%3d&amp;id=Ffx5rugAqJa6nd52%2fhPBoQ%3d%3d\">Inscrivez-vous ici!\u00a0<\/a><\/p>\n<\/div>\r\t\t\t\t\t\t\t<\/div>\r\t\t<\/div>\r\t<\/div>\r<\/div>\r\n\t\t\t<\/div>\r\n\t\t<\/div>\r\n\t\n\n\n","protected":false},"excerpt":{"rendered":"","protected":false},"author":1,"featured_media":0,"parent":0,"menu_order":0,"comment_status":"closed","ping_status":"closed","template":"full-width","meta":{"saved_in_kubio":true,"footnotes":""},"class_list":["post-72","page","type-page","status-publish","hentry"],"kubio_ai_page_context":{"short_desc":"","purpose":"general"},"yoast_head":"<!-- This site is optimized with the Yoast SEO plugin v27.5 - https:\/\/yoast.com\/product\/yoast-seo-wordpress\/ -->\n<title>Formations - ACCENT SST - FORMATION SST EN LIGNE<\/title>\n<meta name=\"description\" content=\"ACCENT SST - Formations Formations en SST con\u00e7u par une professionnelle en sant\u00e9 et s\u00e9curit\u00e9 du travail - R\u00e8glementation du Qu\u00e9bec\" \/>\n<meta name=\"robots\" content=\"index, follow, max-snippet:-1, max-image-preview:large, max-video-preview:-1\" \/>\n<link rel=\"canonical\" href=\"https:\/\/accentsst.com\/index.php\/formations\/\" \/>\n<meta property=\"og:locale\" content=\"en_US\" \/>\n<meta property=\"og:type\" content=\"article\" \/>\n<meta property=\"og:title\" content=\"Formations - ACCENT SST - FORMATION SST EN LIGNE\" \/>\n<meta property=\"og:description\" content=\"ACCENT SST - Formations Formations en SST con\u00e7u par une professionnelle en sant\u00e9 et s\u00e9curit\u00e9 du travail - R\u00e8glementation du Qu\u00e9bec\" \/>\n<meta property=\"og:url\" content=\"https:\/\/accentsst.com\/index.php\/formations\/\" \/>\n<meta property=\"og:site_name\" content=\"ACCENT SST\" \/>\n<meta property=\"article:modified_time\" content=\"2026-04-22T23:07:34+00:00\" \/>\n<meta name=\"twitter:card\" content=\"summary_large_image\" \/>\n<script type=\"application\/ld+json\" class=\"yoast-schema-graph\">{\"@context\":\"https:\\\/\\\/schema.org\",\"@graph\":[{\"@type\":\"WebPage\",\"@id\":\"https:\\\/\\\/accentsst.com\\\/index.php\\\/formations\\\/\",\"url\":\"https:\\\/\\\/accentsst.com\\\/index.php\\\/formations\\\/\",\"name\":\"Formations - ACCENT SST - FORMATION SST EN LIGNE\",\"isPartOf\":{\"@id\":\"https:\\\/\\\/accentsst.com\\\/#website\"},\"datePublished\":\"2025-07-04T02:06:35+00:00\",\"dateModified\":\"2026-04-22T23:07:34+00:00\",\"description\":\"ACCENT SST - Formations Formations en SST con\u00e7u par une professionnelle en sant\u00e9 et s\u00e9curit\u00e9 du travail - R\u00e8glementation du Qu\u00e9bec\",\"breadcrumb\":{\"@id\":\"https:\\\/\\\/accentsst.com\\\/index.php\\\/formations\\\/#breadcrumb\"},\"inLanguage\":\"en-US\",\"potentialAction\":[{\"@type\":\"ReadAction\",\"target\":[\"https:\\\/\\\/accentsst.com\\\/index.php\\\/formations\\\/\"]}]},{\"@type\":\"BreadcrumbList\",\"@id\":\"https:\\\/\\\/accentsst.com\\\/index.php\\\/formations\\\/#breadcrumb\",\"itemListElement\":[{\"@type\":\"ListItem\",\"position\":1,\"name\":\"Accueil\",\"item\":\"https:\\\/\\\/accentsst.com\\\/\"},{\"@type\":\"ListItem\",\"position\":2,\"name\":\"Formations\"}]},{\"@type\":\"WebSite\",\"@id\":\"https:\\\/\\\/accentsst.com\\\/#website\",\"url\":\"https:\\\/\\\/accentsst.com\\\/\",\"name\":\"ACCENT SST\",\"description\":\"\",\"publisher\":{\"@id\":\"https:\\\/\\\/accentsst.com\\\/#organization\"},\"potentialAction\":[{\"@type\":\"SearchAction\",\"target\":{\"@type\":\"EntryPoint\",\"urlTemplate\":\"https:\\\/\\\/accentsst.com\\\/?s={search_term_string}\"},\"query-input\":{\"@type\":\"PropertyValueSpecification\",\"valueRequired\":true,\"valueName\":\"search_term_string\"}}],\"inLanguage\":\"en-US\"},{\"@type\":\"Organization\",\"@id\":\"https:\\\/\\\/accentsst.com\\\/#organization\",\"name\":\"ACCENT SST\",\"alternateName\":\"Accentsst\",\"url\":\"https:\\\/\\\/accentsst.com\\\/\",\"logo\":{\"@type\":\"ImageObject\",\"inLanguage\":\"en-US\",\"@id\":\"https:\\\/\\\/accentsst.com\\\/#\\\/schema\\\/logo\\\/image\\\/\",\"url\":\"https:\\\/\\\/accentsst.com\\\/wp-content\\\/uploads\\\/2026\\\/04\\\/Logo-horizontal.png\",\"contentUrl\":\"https:\\\/\\\/accentsst.com\\\/wp-content\\\/uploads\\\/2026\\\/04\\\/Logo-horizontal.png\",\"width\":500,\"height\":250,\"caption\":\"ACCENT SST\"},\"image\":{\"@id\":\"https:\\\/\\\/accentsst.com\\\/#\\\/schema\\\/logo\\\/image\\\/\"},\"sameAs\":[\"https:\\\/\\\/www.linkedin.com\\\/company\\\/accent-sst\"]}]}<\/script>\n<!-- \/ Yoast SEO plugin. -->","yoast_head_json":{"title":"Formations - ACCENT SST - FORMATION SST EN LIGNE","description":"ACCENT SST - Formations Formations en SST con\u00e7u par une professionnelle en sant\u00e9 et s\u00e9curit\u00e9 du travail - R\u00e8glementation du Qu\u00e9bec","robots":{"index":"index","follow":"follow","max-snippet":"max-snippet:-1","max-image-preview":"max-image-preview:large","max-video-preview":"max-video-preview:-1"},"canonical":"https:\/\/accentsst.com\/index.php\/formations\/","og_locale":"en_US","og_type":"article","og_title":"Formations - ACCENT SST - FORMATION SST EN LIGNE","og_description":"ACCENT SST - Formations Formations en SST con\u00e7u par une professionnelle en sant\u00e9 et s\u00e9curit\u00e9 du travail - R\u00e8glementation du Qu\u00e9bec","og_url":"https:\/\/accentsst.com\/index.php\/formations\/","og_site_name":"ACCENT SST","article_modified_time":"2026-04-22T23:07:34+00:00","twitter_card":"summary_large_image","schema":{"@context":"https:\/\/schema.org","@graph":[{"@type":"WebPage","@id":"https:\/\/accentsst.com\/index.php\/formations\/","url":"https:\/\/accentsst.com\/index.php\/formations\/","name":"Formations - ACCENT SST - FORMATION SST EN LIGNE","isPartOf":{"@id":"https:\/\/accentsst.com\/#website"},"datePublished":"2025-07-04T02:06:35+00:00","dateModified":"2026-04-22T23:07:34+00:00","description":"ACCENT SST - Formations Formations en SST con\u00e7u par une professionnelle en sant\u00e9 et s\u00e9curit\u00e9 du travail - R\u00e8glementation du Qu\u00e9bec","breadcrumb":{"@id":"https:\/\/accentsst.com\/index.php\/formations\/#breadcrumb"},"inLanguage":"en-US","potentialAction":[{"@type":"ReadAction","target":["https:\/\/accentsst.com\/index.php\/formations\/"]}]},{"@type":"BreadcrumbList","@id":"https:\/\/accentsst.com\/index.php\/formations\/#breadcrumb","itemListElement":[{"@type":"ListItem","position":1,"name":"Accueil","item":"https:\/\/accentsst.com\/"},{"@type":"ListItem","position":2,"name":"Formations"}]},{"@type":"WebSite","@id":"https:\/\/accentsst.com\/#website","url":"https:\/\/accentsst.com\/","name":"ACCENT SST","description":"","publisher":{"@id":"https:\/\/accentsst.com\/#organization"},"potentialAction":[{"@type":"SearchAction","target":{"@type":"EntryPoint","urlTemplate":"https:\/\/accentsst.com\/?s={search_term_string}"},"query-input":{"@type":"PropertyValueSpecification","valueRequired":true,"valueName":"search_term_string"}}],"inLanguage":"en-US"},{"@type":"Organization","@id":"https:\/\/accentsst.com\/#organization","name":"ACCENT SST","alternateName":"Accentsst","url":"https:\/\/accentsst.com\/","logo":{"@type":"ImageObject","inLanguage":"en-US","@id":"https:\/\/accentsst.com\/#\/schema\/logo\/image\/","url":"https:\/\/accentsst.com\/wp-content\/uploads\/2026\/04\/Logo-horizontal.png","contentUrl":"https:\/\/accentsst.com\/wp-content\/uploads\/2026\/04\/Logo-horizontal.png","width":500,"height":250,"caption":"ACCENT SST"},"image":{"@id":"https:\/\/accentsst.com\/#\/schema\/logo\/image\/"},"sameAs":["https:\/\/www.linkedin.com\/company\/accent-sst"]}]}},"_links":{"self":[{"href":"https:\/\/accentsst.com\/index.php\/wp-json\/wp\/v2\/pages\/72","targetHints":{"allow":["GET"]}}],"collection":[{"href":"https:\/\/accentsst.com\/index.php\/wp-json\/wp\/v2\/pages"}],"about":[{"href":"https:\/\/accentsst.com\/index.php\/wp-json\/wp\/v2\/types\/page"}],"author":[{"embeddable":true,"href":"https:\/\/accentsst.com\/index.php\/wp-json\/wp\/v2\/users\/1"}],"replies":[{"embeddable":true,"href":"https:\/\/accentsst.com\/index.php\/wp-json\/wp\/v2\/comments?post=72"}],"version-history":[{"count":29,"href":"https:\/\/accentsst.com\/index.php\/wp-json\/wp\/v2\/pages\/72\/revisions"}],"predecessor-version":[{"id":347,"href":"https:\/\/accentsst.com\/index.php\/wp-json\/wp\/v2\/pages\/72\/revisions\/347"}],"wp:attachment":[{"href":"https:\/\/accentsst.com\/index.php\/wp-json\/wp\/v2\/media?parent=72"}],"curies":[{"name":"wp","href":"https:\/\/api.w.org\/{rel}","templated":true}]}}